{"id":31504,"date":"2019-08-03T12:19:13","date_gmt":"2019-08-03T10:19:13","guid":{"rendered":"https:\/\/serfinmec.com\/privacy-policy\/"},"modified":"2025-10-04T11:23:06","modified_gmt":"2025-10-04T09:23:06","slug":"privacy-policy","status":"publish","type":"page","link":"https:\/\/www.serfinmec.com\/fr\/privacy-policy\/","title":{"rendered":"Privacy Policy"},"content":{"rendered":"<p>[vc_row][vc_column][vc_column_text]<\/p>\n<h1 class=\"titlePage\">Politique\u00a0de\u00a0confidentialit\u00e9<\/h1>\n<h2>Informations sur le traitement des donn\u00e9es personnelles<\/h2>\n<p>Cette page d\u00e9crit comment g\u00e9rer ce site en relation avec le traitement des donn\u00e9es personnelles des utilisateurs qui les consultent. Ceci est une notification qui est faite conform\u00e9ment \u00e0 la l\u00e9gislation en vigueur sur les donn\u00e9es personnelles pour les utilisateurs qui interagissent avec les services de ce site dans le cadre du r\u00e8glement europ\u00e9en 2016\/679. Les informations sont fournies uniquement pour ce site et non pour d&#8217;autres sites Web pouvant \u00eatre consult\u00e9s par l&#8217;utilisateur via nos liens.<\/p>\n<h3><b>Le &#8220;propri\u00e9taire&#8221; du traitement<\/b><\/h3>\n<p>Apr\u00e8s consultation du site, des donn\u00e9es relatives \u00e0 des personnes identifi\u00e9es ou identifiables peuvent \u00eatre trait\u00e9es. Le responsable du traitement est: SERFINMEC Srl\u00a0 Unipersonale (TVA: 02223770989 &#8211; T\u00e9l. +39.030.6857638 &#8211; Fax. +39.030.6857638), dont le si\u00e8ge social est situ\u00e9 Via Gen. Reverberi, 25 &#8211; 25050 Passirano (BS).<\/p>\n<p>&nbsp;<\/p>\n<h3><b>Lieu dedes donn\u00e9es<\/b><\/h3>\n<p>traitementLes traitements li\u00e9s aux services Web ne sont trait\u00e9s que par le personnel technique de l\u2019Office en charge du traitement, ou par des personnes charg\u00e9es des op\u00e9rations de maintenance occasionnelles. Aucune donn\u00e9e provenant du service Web n&#8217;est communiqu\u00e9e ou diffus\u00e9e.<\/p>\n<h3><b>Objet du traitement et base juridique du traitement<\/b><\/h3>\n<p>Les donn\u00e9es personnelles fournies par les utilisateurs qui demandent ou ont l&#8217;intention d&#8217;utiliser des services ou des produits propos\u00e9s sur le site, ainsi que de recevoir un contenu sp\u00e9cifique, ne sont utilis\u00e9es que pour r\u00e9pondre \u00e0 des demandes ou ex\u00e9cuter le service ou le service demand\u00e9 et ne sont communiqu\u00e9s \u00e0 des tiers que si cela est n\u00e9cessaire \u00e0 cette fin. La base l\u00e9gale de ces traitements est la n\u00e9cessit\u00e9 de r\u00e9pondre aux demandes des parties int\u00e9ress\u00e9es ou de mener les activit\u00e9s pr\u00e9vues dans les accords d\u00e9finis avec les parties int\u00e9ress\u00e9es.<\/p>\n<p>Avec le consentement expr\u00e8s de l&#8217;utilisateur, les donn\u00e9es peuvent \u00eatre utilis\u00e9es pour des activit\u00e9s de communication commerciale li\u00e9es \u00e0 des offres de produits ou \u00e0 d&#8217;autres services du propri\u00e9taire. La base l\u00e9gale de ce traitement est le consentement librement exprim\u00e9 par la partie int\u00e9ress\u00e9e.<\/p>\n<p>Outre ces hypoth\u00e8ses, les donn\u00e9es de navigation des utilisateurs sont conserv\u00e9es pendant le temps strictement n\u00e9cessaire \u00e0 la gestion des activit\u00e9s de traitement dans les limites fix\u00e9es par la loi.<\/p>\n<h3><b>Types de donn\u00e9es trait\u00e9es Donn\u00e9es de<\/b><\/h3>\n<h4><b>navigation<\/b><\/h4>\n<p>Les syst\u00e8mes informatiques et les proc\u00e9dures logicielles utilis\u00e9s pour exploiter le site acqui\u00e8rent, au cours de leur fonctionnement normal, des donn\u00e9es \u00e0 caract\u00e8re personnel dont la transmission est implicite dans l&#8217;utilisation de protocoles de communication Internet. Ce sont des informations qui ne sont pas collect\u00e9es pour \u00eatre associ\u00e9es aux parties int\u00e9ress\u00e9es identifi\u00e9es, mais qui, de par leur nature m\u00eame, pourraient, par leur traitement et leur association avec des donn\u00e9es d\u00e9tenues par des tiers, permettre l&#8217;identification des utilisateurs. Cette cat\u00e9gorie de donn\u00e9es comprend les adresses IP ou les noms de domaine des ordinateurs utilis\u00e9s par les utilisateurs se connectant au site, les adresses dans la notation URI (Uniform Resource Identifier) \u200b\u200bdes ressources demand\u00e9es, l\u2019heure de la demande, la m\u00e9thode utilis\u00e9e pour soumettre les informations. demande au serveur, la taille du fichier obtenu en r\u00e9ponse, le code num\u00e9rique indiquant l&#8217;\u00e9tat de la r\u00e9ponse donn\u00e9e par le serveur (succ\u00e8s, erreur, etc.) et d&#8217;autres param\u00e8tres relatifs au syst\u00e8me d&#8217;exploitation et \u00e0 l&#8217;environnement informatique de l&#8217;utilisateur. Ces donn\u00e9es sont utilis\u00e9es dans le seul but d&#8217;obtenir des informations statistiques anonymes sur l&#8217;utilisation du site et de v\u00e9rifier son bon fonctionnement. Elles sont ensuite effac\u00e9es apr\u00e8s le traitement. Les donn\u00e9es pourraient \u00eatre utilis\u00e9es pour d\u00e9terminer la responsabilit\u00e9 en cas d&#8217;hypoth\u00e9tiques d\u00e9lits informatiques contre le site.<\/p>\n<h4><b>Donn\u00e9es fournies volontairement par l&#8217;utilisateur<\/b><\/h4>\n<h4><b>L&#8217;envoi facultatif, explicite et volontaire d&#8217;e-mails aux adresses indiqu\u00e9es sur le site et, en tout \u00e9tat de cause, aux bo\u00eetes e-mail de l&#8217;entreprise entra\u00eene l&#8217;acquisition ult\u00e9rieure de l&#8217;adresse de l&#8217;exp\u00e9diteur, n\u00e9cessaire pour r\u00e9pondre aux demandes, ainsi que pour toute autre raison. donn\u00e9es personnelles incluses dans le message. Des informations de synth\u00e8se sp\u00e9cifiques seront progressivement rapport\u00e9es ou affich\u00e9es sur les pages du site pr\u00e9par\u00e9es pour des services particuliers sur demande.<\/b><\/h4>\n<h4><b>Cookies<\/b><\/h4>\n<p>Par cookies, nous entendons un \u00e9l\u00e9ment textuel ins\u00e9r\u00e9 dans le disque dur d&#8217;un ordinateur uniquement apr\u00e8s autorisation. Les cookies ont pour fonction de rationaliser l\u2019analyse du trafic Web ou d\u2019indiquer quand un site sp\u00e9cifique est visit\u00e9 et permettent aux applications Web d\u2019envoyer des informations \u00e0 des utilisateurs individuels. Aucune donn\u00e9e personnelle des utilisateurs n&#8217;est acquise par le site \u00e0 cet \u00e9gard. Nous n&#8217;utilisons pas de cookies pour transmettre des informations de nature personnelle, ni de cookies dits persistants de quelque type que ce soit, ni de syst\u00e8mes de suivi des utilisateurs. L&#8217;utilisation de cookies de session est strictement limit\u00e9e \u00e0 la transmission d&#8217;identifiants de session (compos\u00e9s de nombres al\u00e9atoires g\u00e9n\u00e9r\u00e9s par le serveur) n\u00e9cessaires pour permettre une exploration s\u00fbre et efficace du site. Les &#8220;cookies de session&#8221; utilis\u00e9s sur le site \u00e9vitent l&#8217;utilisation d&#8217;autres technologies susceptibles de compromettre la confidentialit\u00e9 de la navigation des utilisateurs et ne permettent pas l&#8217;acquisition de donn\u00e9es d&#8217;identification personnelle.<\/p>\n<h3><b>Fourniture facultative de donn\u00e9es<\/b><\/h3>\n<p>Hormis celles sp\u00e9cifi\u00e9es pour les donn\u00e9es de navigation, l&#8217;utilisateur est libre de fournir des donn\u00e9es personnelles pour demander les services propos\u00e9s par le propri\u00e9taire. Si ces donn\u00e9es ne sont pas fournies, il peut \u00eatre impossible d&#8217;obtenir ce qui a \u00e9t\u00e9 demand\u00e9.<\/p>\n<h3><b>M\u00e9thodes de traitement et d\u00e9lais de conservation<\/b><\/h3>\n<p>des donn\u00e9es Les donn\u00e9es personnelles sont trait\u00e9es avec des outils automatis\u00e9s pendant le temps strictement n\u00e9cessaire pour atteindre les objectifs pour lesquels elles ont \u00e9t\u00e9 collect\u00e9es. Des mesures de s\u00e9curit\u00e9 sp\u00e9cifiques sont observ\u00e9es pour emp\u00eacher la perte de donn\u00e9es, l&#8217;utilisation illicite ou incorrecte et les acc\u00e8s non autoris\u00e9s.<\/p>\n<p>Les donn\u00e9es sont conserv\u00e9es pendant le temps strictement n\u00e9cessaire \u00e0 la poursuite des finalit\u00e9s indiqu\u00e9es dans cette d\u00e9claration et seront effac\u00e9es \u00e0 la fin de cette p\u00e9riode, sauf si elles doivent \u00eatre conserv\u00e9es \u00e0 des fins juridiques ou pour faire valoir un droit devant un tribunal.<\/p>\n<h3><b>Droits des parties int\u00e9ress\u00e9es<\/b><\/h3>\n<p>Dans les limites et dans les conditions pr\u00e9vues par la loi, le titulaire est tenu de r\u00e9pondre aux demandes de la partie int\u00e9ress\u00e9e concernant les donn\u00e9es personnelles la concernant. En particulier, sur la base de la l\u00e9gislation en vigueur:<\/p>\n<ol>\n<li>La personne concern\u00e9e a le droit d&#8217;obtenir de la part du responsable du traitement de l&#8217;information confirmant qu&#8217;elle traite ou ne fait pas l&#8217;objet d&#8217;un traitement de donn\u00e9es \u00e0 caract\u00e8re personnel la concernant et dans ce cas, obtenir l&#8217;acc\u00e8s \u00e0 donn\u00e9es personnelles et les informations suivantes:<\/li>\n<\/ol>\n<ul>\n<li>les finalit\u00e9s du traitement;<\/li>\n<li>les cat\u00e9gories de donn\u00e9es personnelles en question;<\/li>\n<li>les destinataires ou les cat\u00e9gories de destinataires auxquels les donn\u00e9es \u00e0 caract\u00e8re personnel ont \u00e9t\u00e9 ou seront communiqu\u00e9es, en particulier s&#8217;il s&#8217;agit de destinataires de pays tiers ou d&#8217;organisations internationales;<\/li>\n<li>dans la mesure du possible, la p\u00e9riode de conservation des donn\u00e9es \u00e0 caract\u00e8re personnel fournies ou, si ce n\u2019est pas possible, les crit\u00e8res utilis\u00e9s pour d\u00e9terminer cette p\u00e9riode;<\/li>\n<li>l&#8217;existence du droit de la personne concern\u00e9e de demander au responsable du traitement de rectifier ou de supprimer des donn\u00e9es personnelles, de limiter le traitement des donn\u00e9es personnelles la concernant ou de s&#8217;opposer \u00e0 leur traitement;<\/li>\n<li>le droit de porter plainte aupr\u00e8s d&#8217;une autorit\u00e9 de surveillance;<\/li>\n<li>si les donn\u00e9es ne sont pas collect\u00e9es aupr\u00e8s de la personne concern\u00e9e, toutes les informations disponibles sur leur origine;<\/li>\n<li>l&#8217;existence d&#8217;un processus d\u00e9cisionnel automatis\u00e9, y compris l&#8217;\u00e9tablissement de profils<\/li>\n<\/ul>\n<ol start=\"2\">\n<li>La personne concern\u00e9e a le droit d&#8217;obtenir du responsable du traitement la correction de donn\u00e9es \u00e0 caract\u00e8re personnel inexactes la concernant sans retard indu. Compte tenu des finalit\u00e9s du traitement, la personne concern\u00e9e a le droit d&#8217;obtenir l&#8217;int\u00e9gration de donn\u00e9es \u00e0 caract\u00e8re personnel incompl\u00e8tes, \u00e9galement en fournissant une d\u00e9claration suppl\u00e9mentaire.<\/li>\n<li>La personne concern\u00e9e a le droit d&#8217;obtenir du responsable du traitement la suppression des donn\u00e9es \u00e0 caract\u00e8re personnel la concernant sans retard indu et le responsable du traitement est tenu d&#8217;annuler les donn\u00e9es \u00e0 caract\u00e8re personnel sans retard indu dans les limites et dans les cas pr\u00e9vus par le l\u00e9gislation. Le responsable du traitement communique \u00e0 chacun des destinataires auxquels les donn\u00e9es \u00e0 caract\u00e8re personnel ont \u00e9t\u00e9 transmises les \u00e9ventuelles corrections, annulations ou limitations du traitement, dans les limites et sous les formes pr\u00e9vues par la r\u00e9glementation en vigueur.<\/li>\n<li>L&#8217;int\u00e9ress\u00e9 a le droit d&#8217;obtenir du responsable du traitement la limitation du traitement.<\/li>\n<li>La personne concern\u00e9e a le droit de recevoir des donn\u00e9es \u00e0 caract\u00e8re personnel la concernant fournies \u00e0 un responsable de traitement sous une forme structur\u00e9e, couramment utilis\u00e9e et lisible par un appareil automatique et a le droit de transmettre ces donn\u00e9es \u00e0 un autre responsable de traitement sans emp\u00eachement du responsable du traitement auquel il les a fournies.<\/li>\n<\/ol>\n<p>Pour exercer les droits \u00e9num\u00e9r\u00e9s ci-dessus, la partie int\u00e9ress\u00e9e doit adresser une demande au responsable du traitement en utilisant les points de contact suivants: info@serfinmec.com<\/p>\n<ol start=\"6\">\n<li>Conform\u00e9ment \u00e0 l&#8217;art. 13, par. 2, laissez. d) du r\u00e8glement no. 2016\/679 \/ UE, la Soci\u00e9t\u00e9 informe les parties int\u00e9ress\u00e9es qu&#8217;elles ont le droit de d\u00e9poser une plainte aupr\u00e8s d&#8217;une autorit\u00e9 de surveillance ou de former un recours juridictionnel.<\/li>\n<\/ol>\n<p>&nbsp;<\/p>\n<p>La pr\u00e9sente version des informations sur le traitement des donn\u00e9es \u00e0 caract\u00e8re personnel a \u00e9t\u00e9 mise \u00e0 jour le 24 mai 2018.[\/vc_column_text][\/vc_column][\/vc_row]<\/p>\n","protected":false},"excerpt":{"rendered":"<p>[vc_row][vc_column][vc_column_text] Politique\u00a0de\u00a0confidentialit\u00e9 Informations sur le traitement des donn\u00e9es personnelles Cette page d\u00e9crit comment g\u00e9rer ce site en relation avec le&#8230;<\/p>\n","protected":false},"author":1,"featured_media":0,"parent":0,"menu_order":0,"comment_status":"closed","ping_status":"open","template":"","meta":{"footnotes":""},"class_list":["post-31504","page","type-page","status-publish"],"yoast_head":"<!-- This site is optimized with the Yoast SEO Premium plugin v26.4 (Yoast SEO v26.4) - https:\/\/yoast.com\/wordpress\/plugins\/seo\/ -->\n<title>Privacy Policy - Serfinmec<\/title>\n<meta name=\"robots\" content=\"noindex, follow\" \/>\n<meta property=\"og:locale\" content=\"fr_FR\" \/>\n<meta property=\"og:type\" content=\"article\" \/>\n<meta property=\"og:title\" content=\"Privacy Policy\" \/>\n<meta property=\"og:description\" content=\"[vc_row][vc_column][vc_column_text] Politique\u00a0de\u00a0confidentialit\u00e9 Informations sur le traitement des donn\u00e9es personnelles Cette page d\u00e9crit comment g\u00e9rer ce site en relation avec le...\" \/>\n<meta property=\"og:url\" content=\"https:\/\/www.serfinmec.com\/fr\/privacy-policy\/\" \/>\n<meta property=\"og:site_name\" content=\"Serfinmec\" \/>\n<meta property=\"article:modified_time\" content=\"2025-10-04T09:23:06+00:00\" \/>\n<meta name=\"twitter:card\" content=\"summary_large_image\" \/>\n<meta name=\"twitter:label1\" content=\"Dur\u00e9e de lecture estim\u00e9e\" \/>\n\t<meta name=\"twitter:data1\" content=\"7 minutes\" \/>\n<script type=\"application\/ld+json\" class=\"yoast-schema-graph\">{\"@context\":\"https:\/\/schema.org\",\"@graph\":[{\"@type\":\"WebPage\",\"@id\":\"https:\/\/www.serfinmec.com\/fr\/privacy-policy\/\",\"url\":\"https:\/\/www.serfinmec.com\/fr\/privacy-policy\/\",\"name\":\"Privacy Policy - Serfinmec\",\"isPartOf\":{\"@id\":\"https:\/\/www.serfinmec.com\/fr\/#website\"},\"datePublished\":\"2019-08-03T10:19:13+00:00\",\"dateModified\":\"2025-10-04T09:23:06+00:00\",\"breadcrumb\":{\"@id\":\"https:\/\/www.serfinmec.com\/fr\/privacy-policy\/#breadcrumb\"},\"inLanguage\":\"fr-FR\",\"potentialAction\":[{\"@type\":\"ReadAction\",\"target\":[\"https:\/\/www.serfinmec.com\/fr\/privacy-policy\/\"]}]},{\"@type\":\"BreadcrumbList\",\"@id\":\"https:\/\/www.serfinmec.com\/fr\/privacy-policy\/#breadcrumb\",\"itemListElement\":[{\"@type\":\"ListItem\",\"position\":1,\"name\":\"Home\",\"item\":\"https:\/\/www.serfinmec.com\/fr\/\"},{\"@type\":\"ListItem\",\"position\":2,\"name\":\"Privacy Policy\"}]},{\"@type\":\"WebSite\",\"@id\":\"https:\/\/www.serfinmec.com\/fr\/#website\",\"url\":\"https:\/\/www.serfinmec.com\/fr\/\",\"name\":\"Serfinmec\",\"description\":\"Leader nella pressofusione alluminio e finiture meccaniche\",\"publisher\":{\"@id\":\"https:\/\/www.serfinmec.com\/fr\/#organization\"},\"potentialAction\":[{\"@type\":\"SearchAction\",\"target\":{\"@type\":\"EntryPoint\",\"urlTemplate\":\"https:\/\/www.serfinmec.com\/fr\/?s={search_term_string}\"},\"query-input\":{\"@type\":\"PropertyValueSpecification\",\"valueRequired\":true,\"valueName\":\"search_term_string\"}}],\"inLanguage\":\"fr-FR\"},{\"@type\":\"Organization\",\"@id\":\"https:\/\/www.serfinmec.com\/fr\/#organization\",\"name\":\"SerfinMec\",\"url\":\"https:\/\/www.serfinmec.com\/fr\/\",\"logo\":{\"@type\":\"ImageObject\",\"inLanguage\":\"fr-FR\",\"@id\":\"https:\/\/www.serfinmec.com\/fr\/#\/schema\/logo\/image\/\",\"url\":\"https:\/\/www.serfinmec.com\/wp-content\/uploads\/2020\/09\/serfinmec-off.png\",\"contentUrl\":\"https:\/\/www.serfinmec.com\/wp-content\/uploads\/2020\/09\/serfinmec-off.png\",\"width\":300,\"height\":47,\"caption\":\"SerfinMec\"},\"image\":{\"@id\":\"https:\/\/www.serfinmec.com\/fr\/#\/schema\/logo\/image\/\"}}]}<\/script>\n<!-- \/ Yoast SEO Premium plugin. -->","yoast_head_json":{"title":"Privacy Policy - Serfinmec","robots":{"index":"noindex","follow":"follow"},"og_locale":"fr_FR","og_type":"article","og_title":"Privacy Policy","og_description":"[vc_row][vc_column][vc_column_text] Politique\u00a0de\u00a0confidentialit\u00e9 Informations sur le traitement des donn\u00e9es personnelles Cette page d\u00e9crit comment g\u00e9rer ce site en relation avec le...","og_url":"https:\/\/www.serfinmec.com\/fr\/privacy-policy\/","og_site_name":"Serfinmec","article_modified_time":"2025-10-04T09:23:06+00:00","twitter_card":"summary_large_image","twitter_misc":{"Dur\u00e9e de lecture estim\u00e9e":"7 minutes"},"schema":{"@context":"https:\/\/schema.org","@graph":[{"@type":"WebPage","@id":"https:\/\/www.serfinmec.com\/fr\/privacy-policy\/","url":"https:\/\/www.serfinmec.com\/fr\/privacy-policy\/","name":"Privacy Policy - Serfinmec","isPartOf":{"@id":"https:\/\/www.serfinmec.com\/fr\/#website"},"datePublished":"2019-08-03T10:19:13+00:00","dateModified":"2025-10-04T09:23:06+00:00","breadcrumb":{"@id":"https:\/\/www.serfinmec.com\/fr\/privacy-policy\/#breadcrumb"},"inLanguage":"fr-FR","potentialAction":[{"@type":"ReadAction","target":["https:\/\/www.serfinmec.com\/fr\/privacy-policy\/"]}]},{"@type":"BreadcrumbList","@id":"https:\/\/www.serfinmec.com\/fr\/privacy-policy\/#breadcrumb","itemListElement":[{"@type":"ListItem","position":1,"name":"Home","item":"https:\/\/www.serfinmec.com\/fr\/"},{"@type":"ListItem","position":2,"name":"Privacy Policy"}]},{"@type":"WebSite","@id":"https:\/\/www.serfinmec.com\/fr\/#website","url":"https:\/\/www.serfinmec.com\/fr\/","name":"Serfinmec","description":"Leader nella pressofusione alluminio e finiture meccaniche","publisher":{"@id":"https:\/\/www.serfinmec.com\/fr\/#organization"},"potentialAction":[{"@type":"SearchAction","target":{"@type":"EntryPoint","urlTemplate":"https:\/\/www.serfinmec.com\/fr\/?s={search_term_string}"},"query-input":{"@type":"PropertyValueSpecification","valueRequired":true,"valueName":"search_term_string"}}],"inLanguage":"fr-FR"},{"@type":"Organization","@id":"https:\/\/www.serfinmec.com\/fr\/#organization","name":"SerfinMec","url":"https:\/\/www.serfinmec.com\/fr\/","logo":{"@type":"ImageObject","inLanguage":"fr-FR","@id":"https:\/\/www.serfinmec.com\/fr\/#\/schema\/logo\/image\/","url":"https:\/\/www.serfinmec.com\/wp-content\/uploads\/2020\/09\/serfinmec-off.png","contentUrl":"https:\/\/www.serfinmec.com\/wp-content\/uploads\/2020\/09\/serfinmec-off.png","width":300,"height":47,"caption":"SerfinMec"},"image":{"@id":"https:\/\/www.serfinmec.com\/fr\/#\/schema\/logo\/image\/"}}]}},"_links":{"self":[{"href":"https:\/\/www.serfinmec.com\/fr\/wp-json\/wp\/v2\/pages\/31504","targetHints":{"allow":["GET"]}}],"collection":[{"href":"https:\/\/www.serfinmec.com\/fr\/wp-json\/wp\/v2\/pages"}],"about":[{"href":"https:\/\/www.serfinmec.com\/fr\/wp-json\/wp\/v2\/types\/page"}],"author":[{"embeddable":true,"href":"https:\/\/www.serfinmec.com\/fr\/wp-json\/wp\/v2\/users\/1"}],"replies":[{"embeddable":true,"href":"https:\/\/www.serfinmec.com\/fr\/wp-json\/wp\/v2\/comments?post=31504"}],"version-history":[{"count":3,"href":"https:\/\/www.serfinmec.com\/fr\/wp-json\/wp\/v2\/pages\/31504\/revisions"}],"predecessor-version":[{"id":32210,"href":"https:\/\/www.serfinmec.com\/fr\/wp-json\/wp\/v2\/pages\/31504\/revisions\/32210"}],"wp:attachment":[{"href":"https:\/\/www.serfinmec.com\/fr\/wp-json\/wp\/v2\/media?parent=31504"}],"curies":[{"name":"wp","href":"https:\/\/api.w.org\/{rel}","templated":true}]}}