{"id":31492,"date":"2019-08-07T14:45:36","date_gmt":"2019-08-07T12:45:36","guid":{"rendered":"https:\/\/serfinmec.com\/cookie-policy\/"},"modified":"2025-10-04T11:26:20","modified_gmt":"2025-10-04T09:26:20","slug":"cookie-policy","status":"publish","type":"page","link":"https:\/\/www.serfinmec.com\/fr\/cookie-policy\/","title":{"rendered":"Cookie Policy"},"content":{"rendered":"<p>[vc_row][vc_column][vc_column_text]<\/p>\n<h4><b>Politique en mati\u00e8re de cookies<\/b><\/h4>\n<p>Ce document est \u00e9tabli par la soci\u00e9t\u00e9 SERFINMEC Srl\u00a0 Unipersonale (ci-apr\u00e8s &#8220;PROPRI\u00c9TAIRE&#8221;), en tant que propri\u00e9taire du traitement des donn\u00e9es \u00e0 caract\u00e8re personnel provenant de la soci\u00e9t\u00e9. navigation sur ce site Web (ci-apr\u00e8s d\u00e9nomm\u00e9 le &#8220;site&#8221;).<\/p>\n<p>La soci\u00e9t\u00e9 SERFINMEC Srl a l&#8217;intention d&#8217;informer l&#8217;utilisateur que le site Web utilise des cookies techniques afin de garantir une exp\u00e9rience de navigation optimale. Cette politique sur les cookies (&#8220;Politique sur les cookies&#8221;), qui doit \u00eatre lue pour compl\u00e9ter les informations fournies dans la politique de confidentialit\u00e9, est utilis\u00e9e pour d\u00e9crire les types de cookies et autres technologies utilis\u00e9es sur le site, ainsi que les raisons et les conditions d&#8217;utilisation des cookies. . Nous vous informons que certains cookies sont n\u00e9cessaires pour permettre une navigation correcte sur le site. En continuant de naviguer, vous consentez \u00e0 l&#8217;utilisation de ces cookies.<\/p>\n<p>L&#8217;utilisateur peut toutefois \u00e9viter l&#8217;installation de cookies en configurant les param\u00e8tres de son navigateur ou en d\u00e9sactivant directement l&#8217;utilisation des sites directement via le navigateur, comme sp\u00e9cifi\u00e9 en d\u00e9tail ci-dessous.<\/p>\n<h4><b>Utilisation de cookies<\/b><\/h4>\n<p>Le &#8220;Site Web&#8221; utilise des cookies pour rendre nos services simples et efficaces pour les utilisateurs qui consultent les pages de ce site. Les utilisateurs qui consultent le site saisiront la quantit\u00e9 minimale d&#8217;informations dans les appareils utilis\u00e9s, qu&#8217;il s&#8217;agisse d&#8217;ordinateurs ou d&#8217;appareils mobiles, dans de petits fichiers texte appel\u00e9s &#8220;cookies&#8221; enregistr\u00e9s dans les r\u00e9pertoires utilis\u00e9s par le navigateur Web de l&#8217;utilisateur. Il existe diff\u00e9rents types de cookies, certains pour utiliser le site plus efficacement, d&#8217;autres pour activer certaines fonctionnalit\u00e9s.<\/p>\n<p>L&#8217;analyse d\u00e9taill\u00e9e de nos cookies vous permet de:<\/p>\n<ul>\n<li>m\u00e9moriser les pr\u00e9f\u00e9rences entr\u00e9es;<\/li>\n<li>\u00e9vitez de ressaisir les m\u00eames informations plusieurs fois au cours de la visite, telles que le nom d&#8217;utilisateur et le mot de passe;<\/li>\n<li>analyser l&#8217;utilisation des services et du contenu fournis par Marco Pedrali chez ServerPlan afin d&#8217;optimiser l&#8217;exp\u00e9rience de navigation et les services offerts.<\/li>\n<\/ul>\n<h4><b>Types de cookies Cookies<\/b><\/h4>\n<p><b>techniques<\/b><\/p>\n<p>Ce type de cookie permet le bon fonctionnement de certaines sections du site. Il existe deux cat\u00e9gories: persistant et session:<\/p>\n<ul>\n<li>persistant: une fois ferm\u00e9, le navigateur n&#8217;est pas d\u00e9truit mais reste jusqu&#8217;\u00e0 une date d&#8217;expiration depr\u00e9d\u00e9finie.<\/li>\n<li>session: sont d\u00e9truits chaque fois que le navigateur est ferm\u00e9.<\/li>\n<\/ul>\n<p>Ces cookies, toujours envoy\u00e9s depuis notre domaine, sont n\u00e9cessaires pour visualiser le site correctement et par rapport aux services techniques propos\u00e9s, ils seront donc toujours utilis\u00e9s et envoy\u00e9s, \u00e0 moins que l&#8217;utilisateur ne modifie pas le param\u00e8tres de votre navigateur (perturbant ainsi l\u2019affichage des pages du site).<\/p>\n<p><b>analytiques<\/b><\/p>\n<p>CookiesLes cookies de cette cat\u00e9gorie sont utilis\u00e9s pour collecter des informations sur l&#8217;utilisation du site.Marco Pedrali de ServerPlan utilisera ces informations pour l&#8217;analyse statistique anonyme afin d&#8217;am\u00e9liorer l&#8217;utilisation du Site et de rendre le contenu plus int\u00e9ressant et plus pertinent. souhaits des utilisateurs. Ce type de cookie collecte des donn\u00e9es anonymes sur l&#8217;activit\u00e9 des utilisateurs et sur la mani\u00e8re dont elles sont parvenues sur le site. Des cookies analytiques sont envoy\u00e9s \u00e0 partir du site lui-m\u00eame ou de domaines tiers.<\/p>\n<p><b>Cookies pour l&#8217;analyse de services tiers<\/b><\/p>\n<p>Ces cookies sont utilis\u00e9s pour collecter des informations sur l&#8217;utilisation du site par les utilisateurs de mani\u00e8re anonyme, telles que: pages visit\u00e9es, temps pass\u00e9, origines du trafic d&#8217;origine, origine g\u00e9ographique, \u00e2ge, sexe. et int\u00e9r\u00eats aux fins des campagnes de marketing. Ces cookies sont envoy\u00e9s depuis des domaines tiers externes au Site<\/p>\n<p><b>Cookies pour int\u00e9grer des produits et des fonctions de logiciels tiers<\/b><\/p>\n<p>Ce type de cookie int\u00e8gre des fonctionnalit\u00e9s d\u00e9velopp\u00e9es par des tiers au sein des pages du site, telles que des ic\u00f4nes et des pr\u00e9f\u00e9rences exprim\u00e9es dans les r\u00e9seaux sociaux. afin de partager le contenu du site ou d&#8217;utiliser des services logiciels tiers (tels que des logiciels pour g\u00e9n\u00e9rer des cartes et des logiciels suppl\u00e9mentaires offrant des services suppl\u00e9mentaires). Ces cookies sont envoy\u00e9s des domaines tiers etsites partenaires qui fournissent la fonctionnalit\u00e9 des pages du site.<\/p>\n<p><b>cookiesprofilage<\/b><\/p>\n<p>sont ces cookies n\u00e9cessaires pour cr\u00e9erprofils utilisateur afin d&#8217;envoyermessages publicitaires en fonction des pr\u00e9f\u00e9rences exprim\u00e9es par l&#8217;utilisateur dans les pages du site.<\/p>\n<p>Marco Pedrali,vertur\u00e8glementsvigueur, n&#8217;est pas n\u00e9cessaire de demanderconsentement pourcookies etanalyses techniques, n\u00e9cessaires pour fournir les services demand\u00e9s.<\/p>\n<p>Pour tous les autres types de cookies, l&#8217;utilisateur peut exprimer son consentement \u00e0 l&#8217;aide d&#8217;une ou plusieurs des m\u00e9thodes suivantes:<\/p>\n<ul>\n<li>Par des configurations sp\u00e9cifiques du navigateur utilis\u00e9 ou des programmes informatiques associ\u00e9s utilis\u00e9s pour parcourir les pages du site,<\/li>\n<li>en modifiant les param\u00e8tres. lors de l&#8217;utilisation de services tiers<\/li>\n<\/ul>\n<p><b>Ces deux solutions peuvent emp\u00eacher l&#8217;utilisateur d&#8217;utiliser ou de consulter des parties du site Web.<\/b><\/p>\n<p><b>Sites Web et services tiers<\/b><\/p>\n<p>Le site peut contenir des liens vers d&#8217;autres sites Web dot\u00e9s de leur propre politique de confidentialit\u00e9. \u00eatre diff\u00e9rent de celui adopt\u00e9 par Marco Pedrali \u00e0 ServerPlan et donc pas responsable de ces sites.<\/p>\n<h4><b>Liste des cookies<\/b><\/h4>\n<p>Le site n&#8217;utilise pas de cookies de profilage mais utilise uniquement des cookies techniques et de session, comme indiqu\u00e9 dans le tableau suivant. Nous nous r\u00e9servons le droit de mettre \u00e0 jour et de compl\u00e9ter ce tableau au cas o\u00f9 nous aurions besoin d&#8217;utiliser des cookies suppl\u00e9mentaires.<\/p>\n<table>\n<tbody>\n<tr>\n<td><b>Cookie<\/b><\/td>\n<td><\/td>\n<td><b>Time-Domain<\/b><\/td>\n<td><b>Cookie<\/b><\/td>\n<\/tr>\n<tr>\n<td>oldstyle<\/td>\n<td>http:\/\/www.serfinmec.com<\/td>\n<td>Daily<\/td>\n<td>Session<\/td>\n<\/tr>\n<tr>\n<td>[86bedfdbc5e64c811c3c2c8262cbae2b] [type]<\/td>\n<td>http:\/\/www.serfinmec.com<\/td>\n<td>Daily<\/td>\n<td>Session<\/td>\n<\/tr>\n<tr>\n<td>33a119447dc21a16ec9dc02856033cb9<\/td>\n<td>http:\/\/www.serfinmec.com<\/td>\n<td>quotidienne<\/td>\n<td>session<\/td>\n<\/tr>\n<\/tbody>\n<\/table>\n<p><b>Comment d\u00e9sactivercookies en configurant le navigateur<\/b><\/p>\n<p>Si vous souhaitez en savoir plus sur la mani\u00e8re dont votre navigateur stocke les cookies lors de votre navigation, veuillez suivre ces liens sur les sites Web des fournisseurs respectifs.<\/p>\n<table>\n<tbody>\n<tr>\n<td><a href=\"https:\/\/support.mozilla.org\/it\/kb\/Gestione%20dei%20cookie\">Mozilla Firefox<\/a><\/td>\n<td>https:\/\/support.mozilla.org\/it\/kb\/Gestione%20dei%20cookie<\/td>\n<\/tr>\n<tr>\n<td><a href=\"https:\/\/support.google.com\/chrome\/answer\/95647?hl=it\">Google Chrome<\/a><\/td>\n<td>https:\/\/support.google.com\/chrome\/answer\/95647?hl=fr<\/td>\n<\/tr>\n<tr>\n<td><a href=\"http:\/\/windows.microsoft.com\/it-it\/windows-vista\/block-or-allow-cookies\">Internet Explorer<\/a><\/td>\n<td>http: \/\/ windows. microsoft.com\/it-it\/windows-vista\/block-or-allow-cookies<\/td>\n<\/tr>\n<tr>\n<td><a href=\"https:\/\/support.apple.com\/kb\/PH17191?viewlocale=it_IT&amp;locale=en_US\">Safari 6\/7 Mavericks<\/a><\/td>\n<td>https:\/\/support.apple.com\/kb\/PH17191?viewlocale=fr_FR&amp;locale=fr_FR<\/td>\n<\/tr>\n<tr>\n<td><a href=\"https:\/\/support.apple.com\/kb\/PH19214?viewlocale=it_IT&amp;locale=en_US\">Safari 8 Yosemite<\/a><\/td>\n<td>https: \/\/ support.apple.com\/kb\/PH19214?viewlocale=fr_FR&amp;locale=fr_FR<\/td>\n<\/tr>\n<tr>\n<td><a href=\"https:\/\/support.apple.com\/it-it\/HT201265\">Safari sur iPhone, iPad ou iPod touch<\/a><\/td>\n<td>https:\/\/support.apple.com\/it-it\/HT201265<\/td>\n<\/tr>\n<\/tbody>\n<\/table>\n<p><b>Contr\u00f4leur de donn\u00e9es Ledonn\u00e9es<\/b><\/p>\n<p>contr\u00f4leur deest: SERFINMEC Srl\u00a0 Unipersonale (TVA: 02223770989 &#8211; T\u00e9l. +39.030.6857638 &#8211; Fax. +39.030.6857638), dont le si\u00e8ge social est situ\u00e9 Via Gen. Reverberi, 25 &#8211; 25050 Passirano (BS).[\/vc_column_text][\/vc_column][\/vc_row]<\/p>\n","protected":false},"excerpt":{"rendered":"<p>[vc_row][vc_column][vc_column_text] Politique en mati\u00e8re de cookies Ce document est \u00e9tabli par la soci\u00e9t\u00e9 SERFINMEC Srl\u00a0 Unipersonale (ci-apr\u00e8s &#8220;PROPRI\u00c9TAIRE&#8221;), en tant&#8230;<\/p>\n","protected":false},"author":1,"featured_media":0,"parent":0,"menu_order":0,"comment_status":"closed","ping_status":"closed","template":"","meta":{"footnotes":""},"class_list":["post-31492","page","type-page","status-publish"],"yoast_head":"<!-- This site is optimized with the Yoast SEO Premium plugin v26.4 (Yoast SEO v26.4) - https:\/\/yoast.com\/wordpress\/plugins\/seo\/ -->\n<title>Cookie Policy - Serfinmec<\/title>\n<meta name=\"robots\" content=\"noindex, follow\" \/>\n<meta property=\"og:locale\" content=\"fr_FR\" \/>\n<meta property=\"og:type\" content=\"article\" \/>\n<meta property=\"og:title\" content=\"Cookie Policy\" \/>\n<meta property=\"og:description\" content=\"[vc_row][vc_column][vc_column_text] Politique en mati\u00e8re de cookies Ce document est \u00e9tabli par la soci\u00e9t\u00e9 SERFINMEC Srl\u00a0 Unipersonale (ci-apr\u00e8s &#8220;PROPRI\u00c9TAIRE&#8221;), en tant...\" \/>\n<meta property=\"og:url\" content=\"https:\/\/www.serfinmec.com\/fr\/cookie-policy\/\" \/>\n<meta property=\"og:site_name\" content=\"Serfinmec\" \/>\n<meta property=\"article:modified_time\" content=\"2025-10-04T09:26:20+00:00\" \/>\n<meta name=\"twitter:card\" content=\"summary_large_image\" \/>\n<meta name=\"twitter:label1\" content=\"Dur\u00e9e de lecture estim\u00e9e\" \/>\n\t<meta name=\"twitter:data1\" content=\"5 minutes\" \/>\n<script type=\"application\/ld+json\" class=\"yoast-schema-graph\">{\"@context\":\"https:\/\/schema.org\",\"@graph\":[{\"@type\":\"WebPage\",\"@id\":\"https:\/\/www.serfinmec.com\/fr\/cookie-policy\/\",\"url\":\"https:\/\/www.serfinmec.com\/fr\/cookie-policy\/\",\"name\":\"Cookie Policy - Serfinmec\",\"isPartOf\":{\"@id\":\"https:\/\/www.serfinmec.com\/fr\/#website\"},\"datePublished\":\"2019-08-07T12:45:36+00:00\",\"dateModified\":\"2025-10-04T09:26:20+00:00\",\"breadcrumb\":{\"@id\":\"https:\/\/www.serfinmec.com\/fr\/cookie-policy\/#breadcrumb\"},\"inLanguage\":\"fr-FR\",\"potentialAction\":[{\"@type\":\"ReadAction\",\"target\":[\"https:\/\/www.serfinmec.com\/fr\/cookie-policy\/\"]}]},{\"@type\":\"BreadcrumbList\",\"@id\":\"https:\/\/www.serfinmec.com\/fr\/cookie-policy\/#breadcrumb\",\"itemListElement\":[{\"@type\":\"ListItem\",\"position\":1,\"name\":\"Home\",\"item\":\"https:\/\/www.serfinmec.com\/fr\/\"},{\"@type\":\"ListItem\",\"position\":2,\"name\":\"Cookie Policy\"}]},{\"@type\":\"WebSite\",\"@id\":\"https:\/\/www.serfinmec.com\/fr\/#website\",\"url\":\"https:\/\/www.serfinmec.com\/fr\/\",\"name\":\"Serfinmec\",\"description\":\"Leader nella pressofusione alluminio e finiture meccaniche\",\"publisher\":{\"@id\":\"https:\/\/www.serfinmec.com\/fr\/#organization\"},\"potentialAction\":[{\"@type\":\"SearchAction\",\"target\":{\"@type\":\"EntryPoint\",\"urlTemplate\":\"https:\/\/www.serfinmec.com\/fr\/?s={search_term_string}\"},\"query-input\":{\"@type\":\"PropertyValueSpecification\",\"valueRequired\":true,\"valueName\":\"search_term_string\"}}],\"inLanguage\":\"fr-FR\"},{\"@type\":\"Organization\",\"@id\":\"https:\/\/www.serfinmec.com\/fr\/#organization\",\"name\":\"SerfinMec\",\"url\":\"https:\/\/www.serfinmec.com\/fr\/\",\"logo\":{\"@type\":\"ImageObject\",\"inLanguage\":\"fr-FR\",\"@id\":\"https:\/\/www.serfinmec.com\/fr\/#\/schema\/logo\/image\/\",\"url\":\"https:\/\/www.serfinmec.com\/wp-content\/uploads\/2020\/09\/serfinmec-off.png\",\"contentUrl\":\"https:\/\/www.serfinmec.com\/wp-content\/uploads\/2020\/09\/serfinmec-off.png\",\"width\":300,\"height\":47,\"caption\":\"SerfinMec\"},\"image\":{\"@id\":\"https:\/\/www.serfinmec.com\/fr\/#\/schema\/logo\/image\/\"}}]}<\/script>\n<!-- \/ Yoast SEO Premium plugin. -->","yoast_head_json":{"title":"Cookie Policy - Serfinmec","robots":{"index":"noindex","follow":"follow"},"og_locale":"fr_FR","og_type":"article","og_title":"Cookie Policy","og_description":"[vc_row][vc_column][vc_column_text] Politique en mati\u00e8re de cookies Ce document est \u00e9tabli par la soci\u00e9t\u00e9 SERFINMEC Srl\u00a0 Unipersonale (ci-apr\u00e8s &#8220;PROPRI\u00c9TAIRE&#8221;), en tant...","og_url":"https:\/\/www.serfinmec.com\/fr\/cookie-policy\/","og_site_name":"Serfinmec","article_modified_time":"2025-10-04T09:26:20+00:00","twitter_card":"summary_large_image","twitter_misc":{"Dur\u00e9e de lecture estim\u00e9e":"5 minutes"},"schema":{"@context":"https:\/\/schema.org","@graph":[{"@type":"WebPage","@id":"https:\/\/www.serfinmec.com\/fr\/cookie-policy\/","url":"https:\/\/www.serfinmec.com\/fr\/cookie-policy\/","name":"Cookie Policy - Serfinmec","isPartOf":{"@id":"https:\/\/www.serfinmec.com\/fr\/#website"},"datePublished":"2019-08-07T12:45:36+00:00","dateModified":"2025-10-04T09:26:20+00:00","breadcrumb":{"@id":"https:\/\/www.serfinmec.com\/fr\/cookie-policy\/#breadcrumb"},"inLanguage":"fr-FR","potentialAction":[{"@type":"ReadAction","target":["https:\/\/www.serfinmec.com\/fr\/cookie-policy\/"]}]},{"@type":"BreadcrumbList","@id":"https:\/\/www.serfinmec.com\/fr\/cookie-policy\/#breadcrumb","itemListElement":[{"@type":"ListItem","position":1,"name":"Home","item":"https:\/\/www.serfinmec.com\/fr\/"},{"@type":"ListItem","position":2,"name":"Cookie Policy"}]},{"@type":"WebSite","@id":"https:\/\/www.serfinmec.com\/fr\/#website","url":"https:\/\/www.serfinmec.com\/fr\/","name":"Serfinmec","description":"Leader nella pressofusione alluminio e finiture meccaniche","publisher":{"@id":"https:\/\/www.serfinmec.com\/fr\/#organization"},"potentialAction":[{"@type":"SearchAction","target":{"@type":"EntryPoint","urlTemplate":"https:\/\/www.serfinmec.com\/fr\/?s={search_term_string}"},"query-input":{"@type":"PropertyValueSpecification","valueRequired":true,"valueName":"search_term_string"}}],"inLanguage":"fr-FR"},{"@type":"Organization","@id":"https:\/\/www.serfinmec.com\/fr\/#organization","name":"SerfinMec","url":"https:\/\/www.serfinmec.com\/fr\/","logo":{"@type":"ImageObject","inLanguage":"fr-FR","@id":"https:\/\/www.serfinmec.com\/fr\/#\/schema\/logo\/image\/","url":"https:\/\/www.serfinmec.com\/wp-content\/uploads\/2020\/09\/serfinmec-off.png","contentUrl":"https:\/\/www.serfinmec.com\/wp-content\/uploads\/2020\/09\/serfinmec-off.png","width":300,"height":47,"caption":"SerfinMec"},"image":{"@id":"https:\/\/www.serfinmec.com\/fr\/#\/schema\/logo\/image\/"}}]}},"_links":{"self":[{"href":"https:\/\/www.serfinmec.com\/fr\/wp-json\/wp\/v2\/pages\/31492","targetHints":{"allow":["GET"]}}],"collection":[{"href":"https:\/\/www.serfinmec.com\/fr\/wp-json\/wp\/v2\/pages"}],"about":[{"href":"https:\/\/www.serfinmec.com\/fr\/wp-json\/wp\/v2\/types\/page"}],"author":[{"embeddable":true,"href":"https:\/\/www.serfinmec.com\/fr\/wp-json\/wp\/v2\/users\/1"}],"replies":[{"embeddable":true,"href":"https:\/\/www.serfinmec.com\/fr\/wp-json\/wp\/v2\/comments?post=31492"}],"version-history":[{"count":3,"href":"https:\/\/www.serfinmec.com\/fr\/wp-json\/wp\/v2\/pages\/31492\/revisions"}],"predecessor-version":[{"id":32214,"href":"https:\/\/www.serfinmec.com\/fr\/wp-json\/wp\/v2\/pages\/31492\/revisions\/32214"}],"wp:attachment":[{"href":"https:\/\/www.serfinmec.com\/fr\/wp-json\/wp\/v2\/media?parent=31492"}],"curies":[{"name":"wp","href":"https:\/\/api.w.org\/{rel}","templated":true}]}}