{"id":31500,"date":"2019-08-03T12:19:13","date_gmt":"2019-08-03T10:19:13","guid":{"rendered":"https:\/\/serfinmec.com\/privacy-policy\/"},"modified":"2025-10-04T11:22:40","modified_gmt":"2025-10-04T09:22:40","slug":"privacy-policy","status":"publish","type":"page","link":"https:\/\/www.serfinmec.com\/de\/privacy-policy\/","title":{"rendered":"Privacy Policy"},"content":{"rendered":"<p>[vc_row][vc_column][vc_column_text]<\/p>\n<h1 class=\"titlePage\">Datenschutzrichtlinie<\/h1>\n<h2>Informationen zur Verarbeitung personenbezogener Daten<\/h2>\n<p>Diese Seite beschreibt, wie diese Website in Bezug auf die Verarbeitung personenbezogener Daten von Nutzern, die sie konsultieren, verwaltet wird. Dies ist eine Bekanntmachung, die in \u00dcbereinstimmung mit der aktuellen Gesetzgebung zu personenbezogenen Daten f\u00fcr Benutzer erfolgt, die mit den Diensten dieser Website im Rahmen der EU-Verordnung 2016\/679 interagieren. Die Informationen werden nur f\u00fcr diese Website und nicht f\u00fcr andere Websites bereitgestellt, die vom Benutzer \u00fcber unsere Links abgerufen werden k\u00f6nnen.<\/p>\n<h3><b>Der &#8220;Eigent\u00fcmer&#8221; der Verarbeitung<\/b><\/h3>\n<p>Nach der Abfrage der Website k\u00f6nnen Daten zu identifizierten oder identifizierbaren Personen verarbeitet werden. Der Datencontroller ist: SERFINMEC Srl\u00a0 Unipersonale (Mehrwertsteuer: 02223770989 &#8211; Tel. +39.030.6857638 &#8211; Fax. +39.030.6857638), mit Sitz in der Via Gen. Reverberi, 25 &#8211; 25050 Passirano (BS).<\/p>\n<h3><b>Ort der<\/b><\/h3>\n<p>Datenverarbeitung Behandlungen im Zusammenhang mit Webservices werden nur von technischem Personal des f\u00fcr die Verarbeitung zust\u00e4ndigen Amtes oder von f\u00fcr gelegentliche Wartungsarbeiten zust\u00e4ndigen Personen abgewickelt. Keine Daten, die von dem Web-Service stammen, werden kommuniziert oder verbreitet.<\/p>\n<h3><b>Zweck der Verarbeitung und Rechtsgrundlage der Verarbeitung<\/b><\/h3>\n<p>Personenbezogene Daten, die von Benutzern zur Verf\u00fcgung gestellt werden, die \u00fcber die Website angebotene Dienste oder Produkte anfordern oder verwenden m\u00f6chten sowie weitere spezifische Inhalte erhalten, werden nur zur Beantwortung von Anfragen oder zur Erbringung der angeforderten Dienstleistung oder Dienstleistung verwendet und werden nur dann an Dritte weitergegeben, wenn dies zu diesem Zweck erforderlich ist. Die Rechtsgrundlage f\u00fcr diese Behandlungen ist die Notwendigkeit, den Ersuchen der interessierten Parteien ein Feedback zu geben oder Aktivit\u00e4ten durchzuf\u00fchren, die in den mit den interessierten Parteien festgelegten Vereinbarungen vorgesehen sind.<\/p>\n<p>Mit dem ausdr\u00fccklichen Einverst\u00e4ndnis des Benutzers k\u00f6nnen die Daten f\u00fcr kommerzielle Kommunikationsaktivit\u00e4ten verwendet werden, die sich auf Produktangebote oder andere Dienstleistungen des Eigent\u00fcmers beziehen. Die Rechtsgrundlage dieser Behandlung ist die von der interessierten Partei frei ausgesprochene Zustimmung.<\/p>\n<p>Abgesehen von diesen Hypothesen werden die Browserdaten der Benutzer innerhalb der gesetzlich festgelegten Grenzen f\u00fcr die Zeit aufbewahrt, die f\u00fcr die Verwaltung der Verarbeitungst\u00e4tigkeiten unbedingt erforderlich ist.<\/p>\n<h3><b>Verarbeitete Datentypen<\/b><\/h3>\n<h4><b>Navigationsdaten<\/b><\/h4>\n<p>Die Computersysteme und Softwareprozeduren, die zum Betreiben des Standorts verwendet werden, erfassen w\u00e4hrend ihres normalen Betriebs einige pers\u00f6nliche Daten, deren \u00dcbertragung bei der Verwendung von Internet-Kommunikationsprotokollen implizit ist. Hierbei handelt es sich um Informationen, die nicht f\u00fcr identifizierte interessierte Parteien gesammelt werden, die jedoch aufgrund ihrer Art und Weise durch Verarbeitung und Verkn\u00fcpfung mit Daten, die sich im Besitz von Dritten befinden, die Identifizierung von Benutzern erm\u00f6glichen. Diese Datenkategorie umfasst IP-Adressen oder Dom\u00e4nennamen der Computer, die von Benutzern verwendet werden, die eine Verbindung mit der Site herstellen, die Adressen der angeforderten Ressourcen in URI-Formeln (Uniform Resource Identifier), den Zeitpunkt der Anforderung und die zum Senden verwendete Methode Anfrage an den Server, die Gr\u00f6\u00dfe der als Antwort erhaltenen Datei, der numerische Code, der den Status der vom Server angegebenen Antwort angibt (Erfolg, Fehler usw.) und andere Parameter, die sich auf das Betriebssystem und die Computerumgebung des Benutzers beziehen. Diese Daten werden ausschlie\u00dflich zu dem Zweck verwendet, anonyme statistische Informationen \u00fcber die Nutzung der Website zu erhalten und deren ordnungsgem\u00e4\u00dfe Funktion zu \u00fcberpr\u00fcfen, und werden nach der Verarbeitung gel\u00f6scht. Die Daten k\u00f6nnten zur Ermittlung der Verantwortlichkeit im Falle hypothetischer Computerstraftaten gegen die Website verwendet werden.<\/p>\n<h4><b>Vom Benutzer freiwillig bereitgestellte Daten<\/b><\/h4>\n<h4><b>Das freiwillige, freiwillige und freiwillige Versenden von E-Mails an die auf der Website angegebenen Adressen und in jedem Fall an die E-Mail-Boxen des Unternehmens erfordert den anschlie\u00dfenden Erwerb der Absenderadresse, die zur Beantwortung von Anfragen erforderlich ist, sowie alle anderen in der Nachricht enthaltene pers\u00f6nliche Daten. Bestimmte zusammenfassende Informationen werden schrittweise auf den Seiten der Website angezeigt, die auf Anfrage f\u00fcr bestimmte Dienste vorbereitet wurden.<\/b><\/h4>\n<h4><b>Cookies Unter<\/b><\/h4>\n<p>Cookies verstehen wir ein Textelement, das erst nach der Autorisierung in die Festplatte eines Computers eingef\u00fcgt wird. Cookies haben die Funktion, die Analyse des Internetverkehrs zu rationalisieren oder anzuzeigen, wann eine bestimmte Website besucht wird, und Webanwendungen erm\u00f6glichen, Informationen an einzelne Benutzer zu senden. In dieser Hinsicht werden von der Website keine personenbezogenen Daten von Benutzern erfasst. Wir verwenden Cookies nicht, um Informationen pers\u00f6nlicher Art zu \u00fcbermitteln, und werden auch so genannte permanente Cookies jeglicher Art oder Systeme zur Nachverfolgung von Benutzern verwendet. Die Verwendung von Sitzungscookies ist strikt auf die \u00dcbertragung von Sitzungskennungen (bestehend aus vom Server generierten Zufallszahlen) beschr\u00e4nkt, die f\u00fcr die sichere und effiziente Erkundung der Website erforderlich sind. Die auf dieser Website verwendeten sogenannten Sitzungscookies vermeiden die Verwendung anderer Technologien, die die Privatsph\u00e4re des Nutzers beim Surfen beeintr\u00e4chtigen k\u00f6nnten und die Erfassung pers\u00f6nlicher Identifikationsdaten nicht zulassen.<\/p>\n<h3><b>Optionale Bereitstellung von Daten<\/b><\/h3>\n<p>Abgesehen von den f\u00fcr Navigationsdaten festgelegten Daten kann der Benutzer pers\u00f6nliche Daten angeben, um die vom Eigent\u00fcmer angebotenen Dienste anzufordern. Die Nichterf\u00fcllung solcher Daten kann dazu f\u00fchren, dass die angeforderten Informationen nicht erhalten werden.<\/p>\n<h3><b>Verarbeitungsmethoden und Aufbewahrungszeiten von Daten<\/b><\/h3>\n<p>Personenbezogene Daten werden mit automatisierten Werkzeugen so lange verarbeitet, wie dies zur Erreichung der Zwecke erforderlich ist, f\u00fcr die sie erhoben wurden. Es werden besondere Sicherheitsma\u00dfnahmen beachtet, um Datenverlust, unerlaubte oder falsche Verwendung und unbefugten Zugriff zu verhindern.<\/p>\n<p>Die Daten werden f\u00fcr die Zeit aufbewahrt, die f\u00fcr die Verfolgung der in dieser Erkl\u00e4rung angegebenen Zwecke unbedingt erforderlich ist, und werden am Ende dieses Zeitraums gel\u00f6scht, es sei denn, die Daten m\u00fcssen f\u00fcr rechtliche Verpflichtungen aufbewahrt werden oder es besteht ein Recht vor Gericht.<\/p>\n<h3><b>Rechte interessierter Parteien<\/b><\/h3>\n<p>In den Grenzen und unter den gesetzlich festgelegten Bedingungen ist der Inhaber verpflichtet, auf die Anfragen der interessierten Parteien hinsichtlich der ihn betreffenden pers\u00f6nlichen Daten zu reagieren. Auf der Grundlage der geltenden Rechtsvorschriften gilt insbesondere Folgendes:<\/p>\n<ol>\n<li>Die betroffene Person hat das Recht, von dem f\u00fcr die Datenverarbeitung Verantwortlichen eine Best\u00e4tigung zu erhalten, dass personenbezogene Daten, die sie betreffen, behandelt werden oder nicht, und in diesem Fall Zugang zu ihnen besteht personenbezogene Daten und folgende Informationen:<\/li>\n<\/ol>\n<ul>\n<li>die Zwecke der Verarbeitung;<\/li>\n<li>die Kategorien der betreffenden personenbezogenen Daten;<\/li>\n<li>die Empf\u00e4nger oder Kategorien von Empf\u00e4ngern, denen die personenbezogenen Daten \u00fcbermittelt wurden oder werden werden, insbesondere wenn Empf\u00e4nger von Drittl\u00e4ndern oder internationalen Organisationen betroffen sind;<\/li>\n<li>soweit m\u00f6glich, die Aufbewahrungsfrist f\u00fcr die \u00fcbermittelten personenbezogenen Daten oder, falls dies nicht m\u00f6glich ist, die Kriterien f\u00fcr die Festlegung dieser Frist;<\/li>\n<li>das Bestehen des Rechts der betroffenen Person, den Datenschutzbeauftragten aufzufordern, personenbezogene Daten zu berichtigen oder zu l\u00f6schen oder die Verarbeitung personenbezogener Daten, die ihn betreffen, zu begrenzen oder deren Behandlung zu widersprechen;<\/li>\n<li>das Recht, eine Beschwerde bei einer Aufsichtsbeh\u00f6rde einzulegen;<\/li>\n<li>wenn die Daten nicht von der betroffenen Person erhoben werden, alle verf\u00fcgbaren Informationen zu ihrer Herkunft;<\/li>\n<li>das Vorhandensein eines automatisierten Entscheidungsprozesses, einschlie\u00dflich Profilierung<\/li>\n<\/ul>\n<ol start=\"2\">\n<li>Die betroffene Person hat das Recht, von dem f\u00fcr die Datenverarbeitung Verantwortlichen unverz\u00fcglich die Korrektur unrichtiger personenbezogener Daten zu erhalten, die ihn betreffen. Unter Ber\u00fccksichtigung der Zwecke der Verarbeitung hat die betroffene Person das Recht, die Einbeziehung unvollst\u00e4ndiger personenbezogener Daten zu erhalten, auch durch eine zus\u00e4tzliche Erkl\u00e4rung.<\/li>\n<li>Die betroffene Person hat das Recht, von dem f\u00fcr die Datenverarbeitung Verantwortlichen unverz\u00fcglich die L\u00f6schung der sie betreffenden personenbezogenen Daten zu verlangen, und der Datenverantwortliche ist verpflichtet, die personenbezogenen Daten innerhalb der durch die Rechtsordnung vorgesehenen Grenzen und in den F\u00e4llen, in denen dies vorgeschrieben ist, unverz\u00fcglich zu l\u00f6schen Gesetzgebung. Der f\u00fcr die Datenverarbeitung Verantwortliche teilt jedem Empf\u00e4nger mit, an den die personenbezogenen Daten \u00fcbermittelt wurden, etwaige Korrekturen, Annullierungen oder Einschr\u00e4nkungen der Verarbeitung innerhalb der Grenzen und in den in den geltenden Vorschriften vorgesehenen Formularen.<\/li>\n<li>Die interessierte Partei hat das Recht, die Einschr\u00e4nkung der Behandlung vom Datenverantwortlichen zu erhalten.<\/li>\n<li>Die betroffene Person hat das Recht, personenbezogene Daten zu erhalten, die einem Datenverarbeiter in einer strukturierten, allgemein verwendeten und lesbaren Form durch ein automatisches Ger\u00e4t zur Verf\u00fcgung gestellt wurden, und hat das Recht, diese Daten einem anderen Datenverarbeiter ohne zu \u00fcbermitteln Behinderungen des Datencontrollers, den er ihnen zur Verf\u00fcgung gestellt hat.<\/li>\n<\/ol>\n<p>Um die oben aufgef\u00fchrten Rechte auszu\u00fcben, muss der Interessent \u00fcber folgende Kontaktstellen eine Anfrage an den Datenschutzbeauftragten richten: info@serfinmec.com<\/p>\n<ol start=\"6\">\n<li>Gem\u00e4\u00df Art. 13, Par. 2 lassen. d) der Verordnung Nr. 2016\/679 \/ EU informiert die Gesellschaft die interessierten Parteien, dass sie das Recht haben, bei einer Aufsichtsbeh\u00f6rde Beschwerde einzulegen oder Rechtsmittel einzulegen.<\/li>\n<\/ol>\n<p>&nbsp;<\/p>\n<p>Die vorliegende Version der Informationen zur Verarbeitung personenbezogener Daten wurde am 24. Mai 2018 aktualisiert.[\/vc_column_text][\/vc_column][\/vc_row]<\/p>\n","protected":false},"excerpt":{"rendered":"<p>[vc_row][vc_column][vc_column_text] Datenschutzrichtlinie Informationen zur Verarbeitung personenbezogener Daten Diese Seite beschreibt, wie diese Website in Bezug auf die Verarbeitung personenbezogener Daten&#8230;<\/p>\n","protected":false},"author":1,"featured_media":0,"parent":0,"menu_order":0,"comment_status":"closed","ping_status":"open","template":"","meta":{"footnotes":""},"class_list":["post-31500","page","type-page","status-publish"],"yoast_head":"<!-- This site is optimized with the Yoast SEO Premium plugin v26.4 (Yoast SEO v26.4) - https:\/\/yoast.com\/wordpress\/plugins\/seo\/ -->\n<title>Privacy Policy - Serfinmec<\/title>\n<meta name=\"robots\" content=\"noindex, follow\" \/>\n<meta property=\"og:locale\" content=\"de_DE\" \/>\n<meta property=\"og:type\" content=\"article\" \/>\n<meta property=\"og:title\" content=\"Privacy Policy\" \/>\n<meta property=\"og:description\" content=\"[vc_row][vc_column][vc_column_text] Datenschutzrichtlinie Informationen zur Verarbeitung personenbezogener Daten Diese Seite beschreibt, wie diese Website in Bezug auf die Verarbeitung personenbezogener Daten...\" \/>\n<meta property=\"og:url\" content=\"https:\/\/www.serfinmec.com\/de\/privacy-policy\/\" \/>\n<meta property=\"og:site_name\" content=\"Serfinmec\" \/>\n<meta property=\"article:modified_time\" content=\"2025-10-04T09:22:40+00:00\" \/>\n<meta name=\"twitter:card\" content=\"summary_large_image\" \/>\n<meta name=\"twitter:label1\" content=\"Gesch\u00e4tzte Lesezeit\" \/>\n\t<meta name=\"twitter:data1\" content=\"6\u00a0Minuten\" \/>\n<script type=\"application\/ld+json\" class=\"yoast-schema-graph\">{\"@context\":\"https:\/\/schema.org\",\"@graph\":[{\"@type\":\"WebPage\",\"@id\":\"https:\/\/www.serfinmec.com\/de\/privacy-policy\/\",\"url\":\"https:\/\/www.serfinmec.com\/de\/privacy-policy\/\",\"name\":\"Privacy Policy - Serfinmec\",\"isPartOf\":{\"@id\":\"https:\/\/www.serfinmec.com\/de\/#website\"},\"datePublished\":\"2019-08-03T10:19:13+00:00\",\"dateModified\":\"2025-10-04T09:22:40+00:00\",\"breadcrumb\":{\"@id\":\"https:\/\/www.serfinmec.com\/de\/privacy-policy\/#breadcrumb\"},\"inLanguage\":\"de\",\"potentialAction\":[{\"@type\":\"ReadAction\",\"target\":[\"https:\/\/www.serfinmec.com\/de\/privacy-policy\/\"]}]},{\"@type\":\"BreadcrumbList\",\"@id\":\"https:\/\/www.serfinmec.com\/de\/privacy-policy\/#breadcrumb\",\"itemListElement\":[{\"@type\":\"ListItem\",\"position\":1,\"name\":\"Home\",\"item\":\"https:\/\/www.serfinmec.com\/de\/\"},{\"@type\":\"ListItem\",\"position\":2,\"name\":\"Privacy Policy\"}]},{\"@type\":\"WebSite\",\"@id\":\"https:\/\/www.serfinmec.com\/de\/#website\",\"url\":\"https:\/\/www.serfinmec.com\/de\/\",\"name\":\"Serfinmec\",\"description\":\"Leader nella pressofusione alluminio e finiture meccaniche\",\"publisher\":{\"@id\":\"https:\/\/www.serfinmec.com\/de\/#organization\"},\"potentialAction\":[{\"@type\":\"SearchAction\",\"target\":{\"@type\":\"EntryPoint\",\"urlTemplate\":\"https:\/\/www.serfinmec.com\/de\/?s={search_term_string}\"},\"query-input\":{\"@type\":\"PropertyValueSpecification\",\"valueRequired\":true,\"valueName\":\"search_term_string\"}}],\"inLanguage\":\"de\"},{\"@type\":\"Organization\",\"@id\":\"https:\/\/www.serfinmec.com\/de\/#organization\",\"name\":\"SerfinMec\",\"url\":\"https:\/\/www.serfinmec.com\/de\/\",\"logo\":{\"@type\":\"ImageObject\",\"inLanguage\":\"de\",\"@id\":\"https:\/\/www.serfinmec.com\/de\/#\/schema\/logo\/image\/\",\"url\":\"https:\/\/www.serfinmec.com\/wp-content\/uploads\/2020\/09\/serfinmec-off.png\",\"contentUrl\":\"https:\/\/www.serfinmec.com\/wp-content\/uploads\/2020\/09\/serfinmec-off.png\",\"width\":300,\"height\":47,\"caption\":\"SerfinMec\"},\"image\":{\"@id\":\"https:\/\/www.serfinmec.com\/de\/#\/schema\/logo\/image\/\"}}]}<\/script>\n<!-- \/ Yoast SEO Premium plugin. -->","yoast_head_json":{"title":"Privacy Policy - Serfinmec","robots":{"index":"noindex","follow":"follow"},"og_locale":"de_DE","og_type":"article","og_title":"Privacy Policy","og_description":"[vc_row][vc_column][vc_column_text] Datenschutzrichtlinie Informationen zur Verarbeitung personenbezogener Daten Diese Seite beschreibt, wie diese Website in Bezug auf die Verarbeitung personenbezogener Daten...","og_url":"https:\/\/www.serfinmec.com\/de\/privacy-policy\/","og_site_name":"Serfinmec","article_modified_time":"2025-10-04T09:22:40+00:00","twitter_card":"summary_large_image","twitter_misc":{"Gesch\u00e4tzte Lesezeit":"6\u00a0Minuten"},"schema":{"@context":"https:\/\/schema.org","@graph":[{"@type":"WebPage","@id":"https:\/\/www.serfinmec.com\/de\/privacy-policy\/","url":"https:\/\/www.serfinmec.com\/de\/privacy-policy\/","name":"Privacy Policy - Serfinmec","isPartOf":{"@id":"https:\/\/www.serfinmec.com\/de\/#website"},"datePublished":"2019-08-03T10:19:13+00:00","dateModified":"2025-10-04T09:22:40+00:00","breadcrumb":{"@id":"https:\/\/www.serfinmec.com\/de\/privacy-policy\/#breadcrumb"},"inLanguage":"de","potentialAction":[{"@type":"ReadAction","target":["https:\/\/www.serfinmec.com\/de\/privacy-policy\/"]}]},{"@type":"BreadcrumbList","@id":"https:\/\/www.serfinmec.com\/de\/privacy-policy\/#breadcrumb","itemListElement":[{"@type":"ListItem","position":1,"name":"Home","item":"https:\/\/www.serfinmec.com\/de\/"},{"@type":"ListItem","position":2,"name":"Privacy Policy"}]},{"@type":"WebSite","@id":"https:\/\/www.serfinmec.com\/de\/#website","url":"https:\/\/www.serfinmec.com\/de\/","name":"Serfinmec","description":"Leader nella pressofusione alluminio e finiture meccaniche","publisher":{"@id":"https:\/\/www.serfinmec.com\/de\/#organization"},"potentialAction":[{"@type":"SearchAction","target":{"@type":"EntryPoint","urlTemplate":"https:\/\/www.serfinmec.com\/de\/?s={search_term_string}"},"query-input":{"@type":"PropertyValueSpecification","valueRequired":true,"valueName":"search_term_string"}}],"inLanguage":"de"},{"@type":"Organization","@id":"https:\/\/www.serfinmec.com\/de\/#organization","name":"SerfinMec","url":"https:\/\/www.serfinmec.com\/de\/","logo":{"@type":"ImageObject","inLanguage":"de","@id":"https:\/\/www.serfinmec.com\/de\/#\/schema\/logo\/image\/","url":"https:\/\/www.serfinmec.com\/wp-content\/uploads\/2020\/09\/serfinmec-off.png","contentUrl":"https:\/\/www.serfinmec.com\/wp-content\/uploads\/2020\/09\/serfinmec-off.png","width":300,"height":47,"caption":"SerfinMec"},"image":{"@id":"https:\/\/www.serfinmec.com\/de\/#\/schema\/logo\/image\/"}}]}},"_links":{"self":[{"href":"https:\/\/www.serfinmec.com\/de\/wp-json\/wp\/v2\/pages\/31500","targetHints":{"allow":["GET"]}}],"collection":[{"href":"https:\/\/www.serfinmec.com\/de\/wp-json\/wp\/v2\/pages"}],"about":[{"href":"https:\/\/www.serfinmec.com\/de\/wp-json\/wp\/v2\/types\/page"}],"author":[{"embeddable":true,"href":"https:\/\/www.serfinmec.com\/de\/wp-json\/wp\/v2\/users\/1"}],"replies":[{"embeddable":true,"href":"https:\/\/www.serfinmec.com\/de\/wp-json\/wp\/v2\/comments?post=31500"}],"version-history":[{"count":3,"href":"https:\/\/www.serfinmec.com\/de\/wp-json\/wp\/v2\/pages\/31500\/revisions"}],"predecessor-version":[{"id":32209,"href":"https:\/\/www.serfinmec.com\/de\/wp-json\/wp\/v2\/pages\/31500\/revisions\/32209"}],"wp:attachment":[{"href":"https:\/\/www.serfinmec.com\/de\/wp-json\/wp\/v2\/media?parent=31500"}],"curies":[{"name":"wp","href":"https:\/\/api.w.org\/{rel}","templated":true}]}}