{"id":31496,"date":"2019-08-07T14:45:36","date_gmt":"2019-08-07T12:45:36","guid":{"rendered":"https:\/\/serfinmec.com\/cookie-policy\/"},"modified":"2025-10-04T11:25:13","modified_gmt":"2025-10-04T09:25:13","slug":"cookie-policy","status":"publish","type":"page","link":"https:\/\/www.serfinmec.com\/de\/cookie-policy\/","title":{"rendered":"Cookie Policy"},"content":{"rendered":"<p>[vc_row][vc_column][vc_column_text]<\/p>\n<h4><b>Cookie-Richtlinie<\/b><\/h4>\n<p>Dieses Dokument wurde von der Firma SERFINMECWebsite stammen, erstellt Srl (im Folgenden &#8220;EIGENT\u00dcMER&#8221;) als Eigent\u00fcmer der Verarbeitung personenbezogener Daten, die von derNavigation innerhalb dieser Website (im Folgenden als &#8220;Website&#8221; bezeichnet).<\/p>\n<p>Das Unternehmen SERFINMEC Srl\u00a0 Unipersonale beabsichtigt, den Benutzer dar\u00fcber zu informieren, dass die Website technische Cookies verwendet, um ein optimales Browsing-Erlebnis zu gew\u00e4hrleisten. Diese Cookies-Richtlinie (&#8220;Richtlinie zu Cookies&#8221;), die gelesen werden muss, um die Informationen in der Datenschutzrichtlinie zu erg\u00e4nzen, wird verwendet, um die Arten von Cookies und anderen auf der Website verwendeten Technologien sowie die Gr\u00fcnde und Bedingungen f\u00fcr die Verwendung von Cookies zu beschreiben . Wir informieren Sie, dass einige Cookies erforderlich sind, um eine korrekte Navigation der Website zu erm\u00f6glichen. Wenn Sie weiter surfen, stimmen Sie der Verwendung dieser Cookies zu.<\/p>\n<p>Der Benutzer kann die Installation von Cookies jedoch verhindern, indem er die Einstellungen seines Browsers konfiguriert oder die Verwendung der Websites \u00fcber den Browser direkt deaktiviert, wie nachstehend detailliert beschrieben.<\/p>\n<p><b>Verwendung von Cookies<\/b><\/p>\n<p>Die &#8220;Website&#8221; verwendet Cookies, um unsere Dienste f\u00fcr Benutzer, die die Seiten dieser Website betrachten, einfach und effizient zu gestalten. Benutzer, die die Website anzeigen, geben die Mindestmenge an Informationen in den verwendeten Ger\u00e4ten (Computer und Mobilger\u00e4te) in kleine Textdateien (&#8220;Cookies&#8221;) ein, die in den vom Webbrowser des Benutzers verwendeten Verzeichnissen gespeichert werden. Es gibt verschiedene Arten von Cookies, einige davon, um die Website effektiver zu nutzen, andere, um bestimmte Funktionen zu aktivieren.<\/p>\n<p>Durch die detaillierte Analyse unserer Cookies k\u00f6nnen Sie:Einstellungen<\/p>\n<ul>\n<li>die eingegebenenspeichern;<\/li>\n<li>Vermeiden Sie, w\u00e4hrend des Besuchs mehrmals dieselben Informationen wie Benutzername und Kennwort einzugeben.<\/li>\n<li>Analysieren Sie die Nutzung der von Marco Pedrali bei ServerPlan bereitgestellten Dienste und Inhalte, um das Surferlebnis und die angebotenen Dienste zu optimieren.<\/li>\n<\/ul>\n<h4><b>Arten von Cookies<\/b><\/h4>\n<p><b>Technische<\/b><\/p>\n<p>Cookies Diese Art von Cookies erm\u00f6glicht das ordnungsgem\u00e4\u00dfe Funktionieren bestimmter Bereiche der Website: Es gibt zwei Kategorien: Dauerhaft und Sitzung:<\/p>\n<ul>\n<li>Dauerhaft: Der Browser wird nach dem Schlie\u00dfen nicht zerst\u00f6rt, sondern bleibt bis zu einem voreingestellten Ablaufdatum f\u00fcr dieerhalten<\/li>\n<li>Sitzung: werden bei jedem Schlie\u00dfen des Browsers zerst\u00f6rt<\/li>\n<\/ul>\n<p>Diese Cookies, die immer von unserer Dom\u00e4ne aus gesendet werden, sind erforderlich, um die Website korrekt anzuzeigen und in Bezug auf die angebotenen technischen Dienste zu betrachten. Daher werden sie immer verwendet und gesendet, es sei denn, der Benutzer \u00e4ndert die Einstellungen in Ihrem Browser (wodurch die Anzeige der Seiten der Site unterbrochen wird).<\/p>\n<p><b>Analytische<\/b><\/p>\n<p>Cookies Die Cookies in dieser Kategorie werden verwendet, um Informationen \u00fcber die Nutzung der Website zu sammeln. Marco Pedrali von ServerPlan verwendet diese Informationen zur anonymen statistischen Analyse, um die Nutzung der Website zu verbessern und die Inhalte interessanter und relevanter zu machen W\u00fcnsche der Nutzer. Durch diese Art von Cookies werden anonyme Daten \u00fcber die Aktivit\u00e4t der Benutzer und die Art und Weise, wie sie auf der Website angekommen sind, erfasst. Analytische Cookies werden von der Website selbst oder von Drittanbieter-Domains gesendet.<\/p>\n<p><b>Cookies zur Analyse von Diensten von Drittanbietern<\/b><\/p>\n<p>Diese Cookies werden verwendet, um Informationen \u00fcber die Nutzung der Website durch Benutzer anonym zu erfassen, wie zum Beispiel: besuchte Seiten, aufgewendete Zeit, Herkunft des Ursprungsverkehrs, geografischer Ursprung, Alter, Geschlecht und Interessen f\u00fcr Marketingkampagnen. Diese Cookies werden von Drittanbietern au\u00dferhalb der Website gesendet<\/p>\n<p><b>Cookies zur Integration von Produkten und Funktionen von Software von Drittanbietern<\/b><\/p>\n<p>Diese Art von Cookies integriert auf den Seiten der Website von Dritten entwickelte Funktionen, z. B. Symbole und Pr\u00e4ferenzen, die in sozialen Netzwerken ausgedr\u00fcckt werden zur gemeinsamen Nutzung von Website-Inhalten oder zur Nutzung von Softwarediensten von Drittanbietern (z. B. Software zum Erstellen von Karten und zus\u00e4tzlicher Software, die zus\u00e4tzliche Dienste anbietet). Diese Cookies werden von Drittanbieter-Domains und von Partnerseiten gesendet, die ihre Funktionalit\u00e4t zwischen den Seiten der Website anbieten:<\/p>\n<p><b>Profiling-<\/b><\/p>\n<p>Cookies Diese Cookies sind erforderlich, um Benutzerprofile zu erstellen, um Werbebotschaften gem\u00e4\u00df den vom Benutzer ge\u00e4u\u00dferten Pr\u00e4ferenzen zu senden Auf den Seiten der Website muss<\/p>\n<p>Marco Pedrali nach geltendem Recht nicht die Einwilligung f\u00fcr Cookies und technische Analysen einholen, um die erforderlichen Dienstleistungen zu erbringen.<\/p>\n<p>F\u00fcr alle anderen Arten von Cookies kann der Benutzer die Zustimmung mit einer oder mehreren der folgenden Methoden:<\/p>\n<ul>\n<li>ausdr\u00fcckenDurch bestimmte Konfigurationen des verwendeten Browsers oder der zugeh\u00f6rigen Computerprogramme, die zum Navigieren auf den Seiten der Website<\/li>\n<li>verwendet werden bei der Nutzung von Drittanbieterdiensten<\/li>\n<\/ul>\n<p><b>Diese beiden L\u00f6sungen k\u00f6nnen den Benutzer daran hindern, Teile der Website zu verwenden oder anzuzeigen<\/b><\/p>\n<p><b>Websites und Drittanbieterdienste<\/b><\/p>\n<p>Die Website kann Links zu anderen Websites enthalten, die \u00fcber ihre eigenen Datenschutzbestimmungen verf\u00fcgen unterscheidet sich von der von Marco Pedrali bei ServerPlan \u00fcbernommenen und ist daher nicht f\u00fcr diese Websites verantwortlich.<\/p>\n<h4><b>Liste der Cookies<\/b><\/h4>\n<p>Die Website verwendet keine Profiling-Cookies, sondern nur technische Cookies und Session-Cookies, wie in der folgenden Tabelle angegeben. Wir behalten uns das Recht vor, diese Tabelle zu aktualisieren und zu erg\u00e4nzen, falls zus\u00e4tzliche Cookies ben\u00f6tigt werden.<\/p>\n<table>\n<tbody>\n<tr>\n<td><b>Cookie-<\/b><\/td>\n<td><b>Domain-<\/b><\/td>\n<td><b>Ablauf<\/b><\/td>\n<td><b>Cookie<\/b><\/td>\n<\/tr>\n<tr>\n<td>oldstyle<\/td>\n<td>http:\/\/www.serfinmec.com<\/td>\n<td>T\u00e4gliche<\/td>\n<td>Sitzung<\/td>\n<\/tr>\n<tr>\n<td>jvlayout [86bedfdbc5e64c811c3c2c8262cbae2b] [Typ]<\/td>\n<td>http:\/\/www.serfinmec.com<\/td>\n<td>T\u00e4gliche<\/td>\n<td>Sitzung<\/td>\n<\/tr>\n<tr>\n<td>33a119447dc21a16ec9dc02856033cb9<\/td>\n<td>http:\/\/www.serfinmec.com<\/td>\n<td>T\u00e4gliche<\/td>\n<td>Sitzung<b>So stellen Sie ein Durch Konfigurieren des Browsers<\/b><\/td>\n<\/tr>\n<\/tbody>\n<\/table>\n<p>Wenn Sie mehr dar\u00fcber erfahren m\u00f6chten, wie Ihr Browser Cookies w\u00e4hrend Ihres Surfens speichert, folgen Sie diesen Links auf den Websites der jeweiligen Anbieter.<\/p>\n<table>\n<tbody>\n<tr>\n<td><a href=\"https:\/\/support.mozilla.org\/it\/kb\/Gestione%20dei%20cookie\">Mozilla Firefox<\/a><\/td>\n<td>https:\/\/support.mozilla.org\/it\/kb\/Gestione%20dei%20cookie<\/td>\n<\/tr>\n<tr>\n<td><a href=\"https:\/\/support.google.com\/chrome\/answer\/95647?hl=it\">Google Chrome<\/a><\/td>\n<td>https:\/\/support.google.com\/chrome\/answer\/95647?hl=de<\/td>\n<\/tr>\n<tr>\n<td><a href=\"http:\/\/windows.microsoft.com\/it-it\/windows-vista\/block-or-allow-cookies\">Internet Explorer<\/a><\/td>\n<td>http: \/\/ windows. microsoft.com\/it-it\/windows-vista\/block-or-allow-cookies<\/td>\n<\/tr>\n<tr>\n<td><a href=\"https:\/\/support.apple.com\/kb\/PH17191?viewlocale=it_IT&amp;locale=en_US\">Safari 6\/7 Mavericks<\/a><\/td>\n<td>https:\/\/support.apple.com\/kb\/PH17191?viewlocale=de_IT&amp;locale=de_DE<\/td>\n<\/tr>\n<tr>\n<td><a href=\"https:\/\/support.apple.com\/kb\/PH19214?viewlocale=it_IT&amp;locale=en_US\">Safari 8 Yosemite<\/a><\/td>\n<td>https: \/\/ support.apple.com\/kb\/PH19214?viewlocale=de_DE&amp;locale=de_DE<\/td>\n<\/tr>\n<tr>\n<td><a href=\"https:\/\/support.apple.com\/it-it\/HT201265\">Safari auf dem iPhone, iPad oder iPod touch<\/a><\/td>\n<td>https:\/\/support.apple.com\/it-it\/HT201265<\/td>\n<\/tr>\n<\/tbody>\n<\/table>\n<p><b>Datencontroller Der<\/b><\/p>\n<p>Datencontroller ist: SERFINMEC Srl\u00a0 Unipersonale (Mehrwertsteuer: 02223770989 &#8211; Tel. +39.030.6857638 &#8211; Fax +39.030.6857638), mit Sitz in der Via Gen. Reverberi, 25 &#8211; 25050 Passirano (BS).[\/vc_column_text][\/vc_column][\/vc_row]<\/p>\n","protected":false},"excerpt":{"rendered":"<p>[vc_row][vc_column][vc_column_text] Cookie-Richtlinie Dieses Dokument wurde von der Firma SERFINMECWebsite stammen, erstellt Srl (im Folgenden &#8220;EIGENT\u00dcMER&#8221;) als Eigent\u00fcmer der Verarbeitung personenbezogener&#8230;<\/p>\n","protected":false},"author":1,"featured_media":0,"parent":0,"menu_order":0,"comment_status":"closed","ping_status":"closed","template":"","meta":{"footnotes":""},"class_list":["post-31496","page","type-page","status-publish"],"yoast_head":"<!-- This site is optimized with the Yoast SEO Premium plugin v26.4 (Yoast SEO v26.4) - https:\/\/yoast.com\/wordpress\/plugins\/seo\/ -->\n<title>Cookie Policy - Serfinmec<\/title>\n<meta name=\"robots\" content=\"noindex, follow\" \/>\n<meta property=\"og:locale\" content=\"de_DE\" \/>\n<meta property=\"og:type\" content=\"article\" \/>\n<meta property=\"og:title\" content=\"Cookie Policy\" \/>\n<meta property=\"og:description\" content=\"[vc_row][vc_column][vc_column_text] Cookie-Richtlinie Dieses Dokument wurde von der Firma SERFINMECWebsite stammen, erstellt Srl (im Folgenden &#8220;EIGENT\u00dcMER&#8221;) als Eigent\u00fcmer der Verarbeitung personenbezogener...\" \/>\n<meta property=\"og:url\" content=\"https:\/\/www.serfinmec.com\/de\/cookie-policy\/\" \/>\n<meta property=\"og:site_name\" content=\"Serfinmec\" \/>\n<meta property=\"article:modified_time\" content=\"2025-10-04T09:25:13+00:00\" \/>\n<meta name=\"twitter:card\" content=\"summary_large_image\" \/>\n<meta name=\"twitter:label1\" content=\"Gesch\u00e4tzte Lesezeit\" \/>\n\t<meta name=\"twitter:data1\" content=\"4\u00a0Minuten\" \/>\n<script type=\"application\/ld+json\" class=\"yoast-schema-graph\">{\"@context\":\"https:\/\/schema.org\",\"@graph\":[{\"@type\":\"WebPage\",\"@id\":\"https:\/\/www.serfinmec.com\/de\/cookie-policy\/\",\"url\":\"https:\/\/www.serfinmec.com\/de\/cookie-policy\/\",\"name\":\"Cookie Policy - Serfinmec\",\"isPartOf\":{\"@id\":\"https:\/\/www.serfinmec.com\/de\/#website\"},\"datePublished\":\"2019-08-07T12:45:36+00:00\",\"dateModified\":\"2025-10-04T09:25:13+00:00\",\"breadcrumb\":{\"@id\":\"https:\/\/www.serfinmec.com\/de\/cookie-policy\/#breadcrumb\"},\"inLanguage\":\"de\",\"potentialAction\":[{\"@type\":\"ReadAction\",\"target\":[\"https:\/\/www.serfinmec.com\/de\/cookie-policy\/\"]}]},{\"@type\":\"BreadcrumbList\",\"@id\":\"https:\/\/www.serfinmec.com\/de\/cookie-policy\/#breadcrumb\",\"itemListElement\":[{\"@type\":\"ListItem\",\"position\":1,\"name\":\"Home\",\"item\":\"https:\/\/www.serfinmec.com\/de\/\"},{\"@type\":\"ListItem\",\"position\":2,\"name\":\"Cookie Policy\"}]},{\"@type\":\"WebSite\",\"@id\":\"https:\/\/www.serfinmec.com\/de\/#website\",\"url\":\"https:\/\/www.serfinmec.com\/de\/\",\"name\":\"Serfinmec\",\"description\":\"Leader nella pressofusione alluminio e finiture meccaniche\",\"publisher\":{\"@id\":\"https:\/\/www.serfinmec.com\/de\/#organization\"},\"potentialAction\":[{\"@type\":\"SearchAction\",\"target\":{\"@type\":\"EntryPoint\",\"urlTemplate\":\"https:\/\/www.serfinmec.com\/de\/?s={search_term_string}\"},\"query-input\":{\"@type\":\"PropertyValueSpecification\",\"valueRequired\":true,\"valueName\":\"search_term_string\"}}],\"inLanguage\":\"de\"},{\"@type\":\"Organization\",\"@id\":\"https:\/\/www.serfinmec.com\/de\/#organization\",\"name\":\"SerfinMec\",\"url\":\"https:\/\/www.serfinmec.com\/de\/\",\"logo\":{\"@type\":\"ImageObject\",\"inLanguage\":\"de\",\"@id\":\"https:\/\/www.serfinmec.com\/de\/#\/schema\/logo\/image\/\",\"url\":\"https:\/\/www.serfinmec.com\/wp-content\/uploads\/2020\/09\/serfinmec-off.png\",\"contentUrl\":\"https:\/\/www.serfinmec.com\/wp-content\/uploads\/2020\/09\/serfinmec-off.png\",\"width\":300,\"height\":47,\"caption\":\"SerfinMec\"},\"image\":{\"@id\":\"https:\/\/www.serfinmec.com\/de\/#\/schema\/logo\/image\/\"}}]}<\/script>\n<!-- \/ Yoast SEO Premium plugin. -->","yoast_head_json":{"title":"Cookie Policy - Serfinmec","robots":{"index":"noindex","follow":"follow"},"og_locale":"de_DE","og_type":"article","og_title":"Cookie Policy","og_description":"[vc_row][vc_column][vc_column_text] Cookie-Richtlinie Dieses Dokument wurde von der Firma SERFINMECWebsite stammen, erstellt Srl (im Folgenden &#8220;EIGENT\u00dcMER&#8221;) als Eigent\u00fcmer der Verarbeitung personenbezogener...","og_url":"https:\/\/www.serfinmec.com\/de\/cookie-policy\/","og_site_name":"Serfinmec","article_modified_time":"2025-10-04T09:25:13+00:00","twitter_card":"summary_large_image","twitter_misc":{"Gesch\u00e4tzte Lesezeit":"4\u00a0Minuten"},"schema":{"@context":"https:\/\/schema.org","@graph":[{"@type":"WebPage","@id":"https:\/\/www.serfinmec.com\/de\/cookie-policy\/","url":"https:\/\/www.serfinmec.com\/de\/cookie-policy\/","name":"Cookie Policy - Serfinmec","isPartOf":{"@id":"https:\/\/www.serfinmec.com\/de\/#website"},"datePublished":"2019-08-07T12:45:36+00:00","dateModified":"2025-10-04T09:25:13+00:00","breadcrumb":{"@id":"https:\/\/www.serfinmec.com\/de\/cookie-policy\/#breadcrumb"},"inLanguage":"de","potentialAction":[{"@type":"ReadAction","target":["https:\/\/www.serfinmec.com\/de\/cookie-policy\/"]}]},{"@type":"BreadcrumbList","@id":"https:\/\/www.serfinmec.com\/de\/cookie-policy\/#breadcrumb","itemListElement":[{"@type":"ListItem","position":1,"name":"Home","item":"https:\/\/www.serfinmec.com\/de\/"},{"@type":"ListItem","position":2,"name":"Cookie Policy"}]},{"@type":"WebSite","@id":"https:\/\/www.serfinmec.com\/de\/#website","url":"https:\/\/www.serfinmec.com\/de\/","name":"Serfinmec","description":"Leader nella pressofusione alluminio e finiture meccaniche","publisher":{"@id":"https:\/\/www.serfinmec.com\/de\/#organization"},"potentialAction":[{"@type":"SearchAction","target":{"@type":"EntryPoint","urlTemplate":"https:\/\/www.serfinmec.com\/de\/?s={search_term_string}"},"query-input":{"@type":"PropertyValueSpecification","valueRequired":true,"valueName":"search_term_string"}}],"inLanguage":"de"},{"@type":"Organization","@id":"https:\/\/www.serfinmec.com\/de\/#organization","name":"SerfinMec","url":"https:\/\/www.serfinmec.com\/de\/","logo":{"@type":"ImageObject","inLanguage":"de","@id":"https:\/\/www.serfinmec.com\/de\/#\/schema\/logo\/image\/","url":"https:\/\/www.serfinmec.com\/wp-content\/uploads\/2020\/09\/serfinmec-off.png","contentUrl":"https:\/\/www.serfinmec.com\/wp-content\/uploads\/2020\/09\/serfinmec-off.png","width":300,"height":47,"caption":"SerfinMec"},"image":{"@id":"https:\/\/www.serfinmec.com\/de\/#\/schema\/logo\/image\/"}}]}},"_links":{"self":[{"href":"https:\/\/www.serfinmec.com\/de\/wp-json\/wp\/v2\/pages\/31496","targetHints":{"allow":["GET"]}}],"collection":[{"href":"https:\/\/www.serfinmec.com\/de\/wp-json\/wp\/v2\/pages"}],"about":[{"href":"https:\/\/www.serfinmec.com\/de\/wp-json\/wp\/v2\/types\/page"}],"author":[{"embeddable":true,"href":"https:\/\/www.serfinmec.com\/de\/wp-json\/wp\/v2\/users\/1"}],"replies":[{"embeddable":true,"href":"https:\/\/www.serfinmec.com\/de\/wp-json\/wp\/v2\/comments?post=31496"}],"version-history":[{"count":3,"href":"https:\/\/www.serfinmec.com\/de\/wp-json\/wp\/v2\/pages\/31496\/revisions"}],"predecessor-version":[{"id":32212,"href":"https:\/\/www.serfinmec.com\/de\/wp-json\/wp\/v2\/pages\/31496\/revisions\/32212"}],"wp:attachment":[{"href":"https:\/\/www.serfinmec.com\/de\/wp-json\/wp\/v2\/media?parent=31496"}],"curies":[{"name":"wp","href":"https:\/\/api.w.org\/{rel}","templated":true}]}}